{"id":3798,"date":"2023-08-23T09:50:35","date_gmt":"2023-08-23T07:50:35","guid":{"rendered":"https:\/\/die-garderobenmarke.de\/?page_id=3798"},"modified":"2026-05-01T15:17:37","modified_gmt":"2026-05-01T13:17:37","slug":"beluegyminiszterium-muvelodesi-haza-kulturhaus-des-innenministeriums","status":"publish","type":"page","link":"https:\/\/die-garderobenmarke.de\/?page_id=3798","title":{"rendered":"Bel\u00fcgyminiszt\u00e9rium M\u0171vel\u0151d\u00e9si H\u00e1za &#8211; Kulturhaus des Innenministeriums"},"content":{"rendered":"\n<p><\/p>\n\n\n\n<div class=\"wp-block-columns is-layout-flex wp-container-core-columns-is-layout-9d6595d7 wp-block-columns-is-layout-flex\">\n<div class=\"wp-block-column is-layout-flow wp-block-column-is-layout-flow\">\n<figure class=\"wp-block-image size-large\"><a href=\"https:\/\/die-garderobenmarke.de\/wp-content\/uploads\/2026\/02\/Innenministerium_Ungarn-scaled.jpg\"><img loading=\"lazy\" decoding=\"async\" width=\"1024\" height=\"819\" src=\"https:\/\/die-garderobenmarke.de\/wp-content\/uploads\/2026\/02\/Innenministerium_Ungarn-1024x819.jpg\" alt=\"\" class=\"wp-image-4083\" srcset=\"https:\/\/die-garderobenmarke.de\/wp-content\/uploads\/2026\/02\/Innenministerium_Ungarn-1024x819.jpg 1024w, https:\/\/die-garderobenmarke.de\/wp-content\/uploads\/2026\/02\/Innenministerium_Ungarn-300x240.jpg 300w, https:\/\/die-garderobenmarke.de\/wp-content\/uploads\/2026\/02\/Innenministerium_Ungarn-768x614.jpg 768w, https:\/\/die-garderobenmarke.de\/wp-content\/uploads\/2026\/02\/Innenministerium_Ungarn-1536x1229.jpg 1536w, https:\/\/die-garderobenmarke.de\/wp-content\/uploads\/2026\/02\/Innenministerium_Ungarn-2048x1638.jpg 2048w, https:\/\/die-garderobenmarke.de\/wp-content\/uploads\/2026\/02\/Innenministerium_Ungarn-1300x1040.jpg 1300w\" sizes=\"auto, (max-width: 1024px) 100vw, 1024px\" \/><\/a><\/figure>\n<\/div>\n\n\n\n<div class=\"wp-block-column is-layout-flow wp-block-column-is-layout-flow\">\n<figure class=\"wp-block-image size-large\"><a href=\"https:\/\/die-garderobenmarke.de\/wp-content\/uploads\/2026\/02\/Innenministerium_Ungarn_R-scaled.jpg\"><img loading=\"lazy\" decoding=\"async\" width=\"1024\" height=\"819\" src=\"https:\/\/die-garderobenmarke.de\/wp-content\/uploads\/2026\/02\/Innenministerium_Ungarn_R-1024x819.jpg\" alt=\"\" class=\"wp-image-4084\" srcset=\"https:\/\/die-garderobenmarke.de\/wp-content\/uploads\/2026\/02\/Innenministerium_Ungarn_R-1024x819.jpg 1024w, https:\/\/die-garderobenmarke.de\/wp-content\/uploads\/2026\/02\/Innenministerium_Ungarn_R-300x240.jpg 300w, https:\/\/die-garderobenmarke.de\/wp-content\/uploads\/2026\/02\/Innenministerium_Ungarn_R-768x615.jpg 768w, https:\/\/die-garderobenmarke.de\/wp-content\/uploads\/2026\/02\/Innenministerium_Ungarn_R-1536x1229.jpg 1536w, https:\/\/die-garderobenmarke.de\/wp-content\/uploads\/2026\/02\/Innenministerium_Ungarn_R-2048x1639.jpg 2048w, https:\/\/die-garderobenmarke.de\/wp-content\/uploads\/2026\/02\/Innenministerium_Ungarn_R-1300x1040.jpg 1300w\" sizes=\"auto, (max-width: 1024px) 100vw, 1024px\" \/><\/a><\/figure>\n<\/div>\n<\/div>\n\n\n\n<p class=\"has-text-align-center\">Ungarn &#8211; Kulturhaus des Innenministeriums &#8211; Theater &#8211; Budapest, bis 1989<\/p>\n\n\n\n<p class=\"has-text-align-center\">Messing, gegossen &#8211; 32 x 68 mm &#8211; 42 g<\/p>\n\n\n\n<p>Der Donaupalast (heutiger Name) ist ein neobarockes Geb\u00e4ude mit &nbsp;Konzertsaal in der Innenstadt von Budapest (Zr\u00ednyi Str. 5). Es wurde zwischen 1883 und 1885 nach den Pl\u00e4nen von Vilmos Freund erbaut. Es diente als Kulturhaus f\u00fcr Bildung und Unterhaltung und wurde vom ungarischen Innenministerium betrieben.&nbsp; Auch heute finden in dem Geb\u00e4ude noch Kulturveranstaltungen statt, allerdings nicht mehr in staatlicher Hand.<\/p>\n\n\n\n<div class=\"wp-block-columns is-layout-flex wp-container-core-columns-is-layout-9d6595d7 wp-block-columns-is-layout-flex\">\n<div class=\"wp-block-column is-layout-flow wp-block-column-is-layout-flow\">\n<figure class=\"wp-block-image size-full\"><a href=\"https:\/\/die-garderobenmarke.de\/wp-content\/uploads\/2026\/05\/bm.png\"><img loading=\"lazy\" decoding=\"async\" width=\"1007\" height=\"556\" src=\"https:\/\/die-garderobenmarke.de\/wp-content\/uploads\/2026\/05\/bm.png\" alt=\"\" class=\"wp-image-4377\" srcset=\"https:\/\/die-garderobenmarke.de\/wp-content\/uploads\/2026\/05\/bm.png 1007w, https:\/\/die-garderobenmarke.de\/wp-content\/uploads\/2026\/05\/bm-300x166.png 300w, https:\/\/die-garderobenmarke.de\/wp-content\/uploads\/2026\/05\/bm-768x424.png 768w\" sizes=\"auto, (max-width: 1007px) 100vw, 1007px\" \/><\/a><\/figure>\n<\/div>\n\n\n\n<div class=\"wp-block-column is-layout-flow wp-block-column-is-layout-flow\">\n<p>Foto zum 15j\u00e4hrigen Jubil\u00e4um des Orchesters (1976)<\/p>\n<\/div>\n<\/div>\n","protected":false},"excerpt":{"rendered":"<p>Ungarn &#8211; Kulturhaus des Innenministeriums &#8211; Theater &#8211; Budapest, bis 1989 Messing, gegossen &#8211; 32 x 68 mm &#8211; 42 g Der Donaupalast (heutiger Name) ist ein neobarockes Geb\u00e4ude mit &nbsp;Konzertsaal in der Innenstadt von Budapest (Zr\u00ednyi Str. 5). Es wurde zwischen 1883 und 1885 nach den Pl\u00e4nen von Vilmos Freund erbaut. Es diente als&#8230;<\/p>\n","protected":false},"author":1,"featured_media":0,"parent":0,"menu_order":0,"comment_status":"closed","ping_status":"closed","template":"","meta":{"_kad_post_transparent":"","_kad_post_title":"","_kad_post_layout":"","_kad_post_sidebar_id":"","_kad_post_content_style":"","_kad_post_vertical_padding":"","_kad_post_feature":"","_kad_post_feature_position":"","_kad_post_header":false,"_kad_post_footer":false,"_kad_post_classname":"","footnotes":""},"class_list":["post-3798","page","type-page","status-publish","hentry"],"_links":{"self":[{"href":"https:\/\/die-garderobenmarke.de\/index.php?rest_route=\/wp\/v2\/pages\/3798","targetHints":{"allow":["GET"]}}],"collection":[{"href":"https:\/\/die-garderobenmarke.de\/index.php?rest_route=\/wp\/v2\/pages"}],"about":[{"href":"https:\/\/die-garderobenmarke.de\/index.php?rest_route=\/wp\/v2\/types\/page"}],"author":[{"embeddable":true,"href":"https:\/\/die-garderobenmarke.de\/index.php?rest_route=\/wp\/v2\/users\/1"}],"replies":[{"embeddable":true,"href":"https:\/\/die-garderobenmarke.de\/index.php?rest_route=%2Fwp%2Fv2%2Fcomments&post=3798"}],"version-history":[{"count":2,"href":"https:\/\/die-garderobenmarke.de\/index.php?rest_route=\/wp\/v2\/pages\/3798\/revisions"}],"predecessor-version":[{"id":4378,"href":"https:\/\/die-garderobenmarke.de\/index.php?rest_route=\/wp\/v2\/pages\/3798\/revisions\/4378"}],"wp:attachment":[{"href":"https:\/\/die-garderobenmarke.de\/index.php?rest_route=%2Fwp%2Fv2%2Fmedia&parent=3798"}],"curies":[{"name":"wp","href":"https:\/\/api.w.org\/{rel}","templated":true}]}}