{"id":340,"date":"2020-08-07T09:33:04","date_gmt":"2020-08-07T09:33:04","guid":{"rendered":"http:\/\/elster-pr.de\/?page_id=340"},"modified":"2026-05-01T17:54:09","modified_gmt":"2026-05-01T15:54:09","slug":"der-rechtliche-rahmen","status":"publish","type":"page","link":"https:\/\/die-garderobenmarke.de\/?page_id=340","title":{"rendered":"Der rechtliche Rahmen"},"content":{"rendered":"\n<p>An dieser Stelle ist es Zeit, ein Geheimnis zu l\u00fcften. Wie kommt ausgerechnet die &#8222;807&#8220; in das Logo des Garderobenmarkenmuseums? Zufall oder tieferer Sinn? Des R\u00e4tsels L\u00f6sung ergibt sich aus einem Blick in das BGB (B\u00fcrgerliche Gesetzbuch): Unter \u00a7 807 besch\u00e4ftigt sich das Gesetz mit den Garderobenmarken.<\/p>\n\n\n\n<p><\/p>\n\n\n\n<blockquote class=\"wp-block-quote is-layout-flow wp-block-quote-is-layout-flow\">\n<p><strong>\u00a7 807 Inhaberkarten und -marken<\/strong><\/p>\n\n\n\n<p>Werden Karten, Marken oder \u00e4hnliche Urkunden, in denen ein Gl\u00e4ubiger nicht bezeichnet ist, von dem Aussteller unter Umst\u00e4nden ausgegeben, aus welchen sich ergibt, dass er dem Inhaber zu einer Leistung verpflichtet sein will, so finden die Vorschriften des \u00a7 793 Abs. 1 und der \u00a7\u00a7 794, 796, 797 entsprechende Anwendung.<\/p>\n<\/blockquote>\n\n\n\n<p><\/p>\n\n\n\n<p>In den Paragraphen, auf die sich der \u00a7 807 bezieht, wird der ganze Rest geregelt: Grunds\u00e4tzlich hat nur der Empf\u00e4nger oder die Empf\u00e4ngerin der Garderobenmarke das Recht, das Kleidungsst\u00fcck wieder auszul\u00f6sen. Gelangt die Marke aber in die H\u00e4nde einer anderen Person und holt diese  Mantel &amp; Co. ab, so ist der Aussteller nicht schadenersatzpflichtig, bzw. kann zwar, muss aber nicht kontrollieren, ob die abholende Person wirklich berechtigt ist. Andererseits muss im Falle des Verlustes der Garderobenmarke der Mantel dennoch ausgeh\u00e4ndigt werden. Er geh\u00f6rt ja nach wie vor dem Inhaber oder der Inhaberin. Im Binnenverh\u00e4ltnis kann der Aussteller dann Schadenersatz f\u00fcr die verlorene Marke verlangen.<\/p>\n\n\n\n<p>Die Garderobenmarke geh\u00f6rt damit zu den sogenannten Legitimationspapieren, wie zum Beispiel auch Sparb\u00fccher, Versicherungsscheine, Depotscheine oder Pfandscheine einer Pfandleihe. Es wird differenziert zwischen qualifizierten Legitimationspapieren, die namentlich gekennzeichnet sind (z.B. Sparb\u00fccher) und einfachen Legitimationspapieren<em>,<\/em> die die Berechtigten nicht namentlich nennen. Garderobenmarken geh\u00f6ren nat\u00fcrlich zur letzteren Kategorie. Der rechtliche Unterschied schl\u00e4gt sich in der Kontrollpflicht des Ausstellers \u00fcber die Berechtigung nieder (siehe oben). Das einfache Legitimationspapier ist also eine Ausweisungserleichterung, was praktisch ist, wenn es wie im Fall der Garderobenmarke auf Schnelligkeit ankommt. Niemand m\u00f6chte nach dem Theater zwei Stunden warten, bis die Anspr\u00fcche an das Kleidungsst\u00fcck, vielleicht mit Hilfe eines Personalausweises, gepr\u00fcft wurden.<\/p>\n\n\n\n<div class=\"wp-block-columns is-layout-flex wp-container-core-columns-is-layout-9d6595d7 wp-block-columns-is-layout-flex\">\n<div class=\"wp-block-column is-layout-flow wp-block-column-is-layout-flow\">\n<figure class=\"wp-block-image size-large\"><img loading=\"lazy\" decoding=\"async\" width=\"739\" height=\"1024\" src=\"https:\/\/die-garderobenmarke.de\/wp-content\/uploads\/2026\/05\/IMG_6548-rotated-e1777650817513-739x1024.jpg\" alt=\"\" class=\"wp-image-4407\" srcset=\"https:\/\/die-garderobenmarke.de\/wp-content\/uploads\/2026\/05\/IMG_6548-rotated-e1777650817513-739x1024.jpg 739w, https:\/\/die-garderobenmarke.de\/wp-content\/uploads\/2026\/05\/IMG_6548-rotated-e1777650817513-216x300.jpg 216w, https:\/\/die-garderobenmarke.de\/wp-content\/uploads\/2026\/05\/IMG_6548-rotated-e1777650817513-768x1065.jpg 768w, https:\/\/die-garderobenmarke.de\/wp-content\/uploads\/2026\/05\/IMG_6548-rotated-e1777650817513-1108x1536.jpg 1108w, https:\/\/die-garderobenmarke.de\/wp-content\/uploads\/2026\/05\/IMG_6548-rotated-e1777650817513.jpg 1418w\" sizes=\"auto, (max-width: 739px) 100vw, 739px\" \/><\/figure>\n<\/div>\n\n\n\n<div class=\"wp-block-column is-layout-flow wp-block-column-is-layout-flow\"><\/div>\n<\/div>\n","protected":false},"excerpt":{"rendered":"<p>An dieser Stelle ist es Zeit, ein Geheimnis zu l\u00fcften. Wie kommt ausgerechnet die &#8222;807&#8220; in das Logo des Garderobenmarkenmuseums? Zufall oder tieferer Sinn? Des R\u00e4tsels L\u00f6sung ergibt sich aus einem Blick in das BGB (B\u00fcrgerliche Gesetzbuch): Unter \u00a7 807 besch\u00e4ftigt sich das Gesetz mit den Garderobenmarken. \u00a7 807 Inhaberkarten und -marken Werden Karten, Marken&#8230;<\/p>\n","protected":false},"author":1,"featured_media":0,"parent":0,"menu_order":0,"comment_status":"closed","ping_status":"closed","template":"","meta":{"_kad_post_transparent":"","_kad_post_title":"","_kad_post_layout":"","_kad_post_sidebar_id":"","_kad_post_content_style":"","_kad_post_vertical_padding":"","_kad_post_feature":"","_kad_post_feature_position":"","_kad_post_header":false,"_kad_post_footer":false,"_kad_post_classname":"","footnotes":""},"class_list":["post-340","page","type-page","status-publish","hentry"],"_links":{"self":[{"href":"https:\/\/die-garderobenmarke.de\/index.php?rest_route=\/wp\/v2\/pages\/340","targetHints":{"allow":["GET"]}}],"collection":[{"href":"https:\/\/die-garderobenmarke.de\/index.php?rest_route=\/wp\/v2\/pages"}],"about":[{"href":"https:\/\/die-garderobenmarke.de\/index.php?rest_route=\/wp\/v2\/types\/page"}],"author":[{"embeddable":true,"href":"https:\/\/die-garderobenmarke.de\/index.php?rest_route=\/wp\/v2\/users\/1"}],"replies":[{"embeddable":true,"href":"https:\/\/die-garderobenmarke.de\/index.php?rest_route=%2Fwp%2Fv2%2Fcomments&post=340"}],"version-history":[{"count":2,"href":"https:\/\/die-garderobenmarke.de\/index.php?rest_route=\/wp\/v2\/pages\/340\/revisions"}],"predecessor-version":[{"id":4409,"href":"https:\/\/die-garderobenmarke.de\/index.php?rest_route=\/wp\/v2\/pages\/340\/revisions\/4409"}],"wp:attachment":[{"href":"https:\/\/die-garderobenmarke.de\/index.php?rest_route=%2Fwp%2Fv2%2Fmedia&parent=340"}],"curies":[{"name":"wp","href":"https:\/\/api.w.org\/{rel}","templated":true}]}}