{"id":3361,"date":"2022-11-19T18:28:17","date_gmt":"2022-11-19T18:28:17","guid":{"rendered":"http:\/\/die-garderobenmarke.de\/?page_id=3361"},"modified":"2026-05-03T14:46:35","modified_gmt":"2026-05-03T12:46:35","slug":"universitaet-baku-2","status":"publish","type":"page","link":"https:\/\/die-garderobenmarke.de\/?page_id=3361","title":{"rendered":"Universit\u00e4t Baku"},"content":{"rendered":"\n<div class=\"wp-block-columns is-layout-flex wp-container-core-columns-is-layout-9d6595d7 wp-block-columns-is-layout-flex\">\n<div class=\"wp-block-column is-layout-flow wp-block-column-is-layout-flow\">\n<figure class=\"wp-block-image size-full\"><a href=\"https:\/\/die-garderobenmarke.de\/wp-content\/uploads\/2026\/02\/Aserbaidschan-scaled.jpg\"><img loading=\"lazy\" decoding=\"async\" width=\"2560\" height=\"2048\" src=\"https:\/\/die-garderobenmarke.de\/wp-content\/uploads\/2026\/02\/Aserbaidschan-scaled.jpg\" alt=\"\" class=\"wp-image-4033\" srcset=\"https:\/\/die-garderobenmarke.de\/wp-content\/uploads\/2026\/02\/Aserbaidschan-scaled.jpg 2560w, https:\/\/die-garderobenmarke.de\/wp-content\/uploads\/2026\/02\/Aserbaidschan-300x240.jpg 300w, https:\/\/die-garderobenmarke.de\/wp-content\/uploads\/2026\/02\/Aserbaidschan-1024x819.jpg 1024w, https:\/\/die-garderobenmarke.de\/wp-content\/uploads\/2026\/02\/Aserbaidschan-768x614.jpg 768w, https:\/\/die-garderobenmarke.de\/wp-content\/uploads\/2026\/02\/Aserbaidschan-1536x1229.jpg 1536w, https:\/\/die-garderobenmarke.de\/wp-content\/uploads\/2026\/02\/Aserbaidschan-2048x1639.jpg 2048w\" sizes=\"auto, (max-width: 2560px) 100vw, 2560px\" \/><\/a><\/figure>\n<\/div>\n\n\n\n<div class=\"wp-block-column is-layout-flow wp-block-column-is-layout-flow\">\n<figure class=\"wp-block-image size-full\"><a href=\"https:\/\/die-garderobenmarke.de\/wp-content\/uploads\/2026\/02\/Aserbaidschan_R-scaled.jpg\"><img loading=\"lazy\" decoding=\"async\" width=\"2560\" height=\"2048\" src=\"https:\/\/die-garderobenmarke.de\/wp-content\/uploads\/2026\/02\/Aserbaidschan_R-scaled.jpg\" alt=\"\" class=\"wp-image-4034\" srcset=\"https:\/\/die-garderobenmarke.de\/wp-content\/uploads\/2026\/02\/Aserbaidschan_R-scaled.jpg 2560w, https:\/\/die-garderobenmarke.de\/wp-content\/uploads\/2026\/02\/Aserbaidschan_R-300x240.jpg 300w, https:\/\/die-garderobenmarke.de\/wp-content\/uploads\/2026\/02\/Aserbaidschan_R-1024x819.jpg 1024w, https:\/\/die-garderobenmarke.de\/wp-content\/uploads\/2026\/02\/Aserbaidschan_R-768x614.jpg 768w, https:\/\/die-garderobenmarke.de\/wp-content\/uploads\/2026\/02\/Aserbaidschan_R-1536x1229.jpg 1536w, https:\/\/die-garderobenmarke.de\/wp-content\/uploads\/2026\/02\/Aserbaidschan_R-2048x1639.jpg 2048w\" sizes=\"auto, (max-width: 2560px) 100vw, 2560px\" \/><\/a><\/figure>\n<\/div>\n<\/div>\n\n\n\n<p class=\"has-text-align-center\">Aserbaidschan &#8211; Universit\u00e4t Baku, Philologische Fakult\u00e4t &#8211; ca. 1980 <\/p>\n\n\n\n<p class=\"has-text-align-center\">Aluminium, ge\u00e4tzt, gelocht &#8211; 38 x 54 mm &#8211; 7 g <\/p>\n\n\n\n<p class=\"has-text-align-center\">Qarderobun nomresi<\/p>\n","protected":false},"excerpt":{"rendered":"<p>Aserbaidschan &#8211; Universit\u00e4t Baku, Philologische Fakult\u00e4t &#8211; ca. 1980 Aluminium, ge\u00e4tzt, gelocht &#8211; 38 x 54 mm &#8211; 7 g Qarderobun nomresi<\/p>\n","protected":false},"author":1,"featured_media":0,"parent":0,"menu_order":0,"comment_status":"closed","ping_status":"closed","template":"","meta":{"_kad_post_transparent":"","_kad_post_title":"","_kad_post_layout":"","_kad_post_sidebar_id":"","_kad_post_content_style":"","_kad_post_vertical_padding":"","_kad_post_feature":"","_kad_post_feature_position":"","_kad_post_header":false,"_kad_post_footer":false,"_kad_post_classname":"","footnotes":""},"class_list":["post-3361","page","type-page","status-publish","hentry"],"_links":{"self":[{"href":"https:\/\/die-garderobenmarke.de\/index.php?rest_route=\/wp\/v2\/pages\/3361","targetHints":{"allow":["GET"]}}],"collection":[{"href":"https:\/\/die-garderobenmarke.de\/index.php?rest_route=\/wp\/v2\/pages"}],"about":[{"href":"https:\/\/die-garderobenmarke.de\/index.php?rest_route=\/wp\/v2\/types\/page"}],"author":[{"embeddable":true,"href":"https:\/\/die-garderobenmarke.de\/index.php?rest_route=\/wp\/v2\/users\/1"}],"replies":[{"embeddable":true,"href":"https:\/\/die-garderobenmarke.de\/index.php?rest_route=%2Fwp%2Fv2%2Fcomments&post=3361"}],"version-history":[{"count":1,"href":"https:\/\/die-garderobenmarke.de\/index.php?rest_route=\/wp\/v2\/pages\/3361\/revisions"}],"predecessor-version":[{"id":4575,"href":"https:\/\/die-garderobenmarke.de\/index.php?rest_route=\/wp\/v2\/pages\/3361\/revisions\/4575"}],"wp:attachment":[{"href":"https:\/\/die-garderobenmarke.de\/index.php?rest_route=%2Fwp%2Fv2%2Fmedia&parent=3361"}],"curies":[{"name":"wp","href":"https:\/\/api.w.org\/{rel}","templated":true}]}}