{"id":3201,"date":"2022-11-16T18:03:42","date_gmt":"2022-11-16T18:03:42","guid":{"rendered":"http:\/\/die-garderobenmarke.de\/?page_id=3201"},"modified":"2026-05-02T09:46:00","modified_gmt":"2026-05-02T07:46:00","slug":"ekonomski-fakultet-2","status":"publish","type":"page","link":"https:\/\/die-garderobenmarke.de\/?page_id=3201","title":{"rendered":"Ekonomski fakultet"},"content":{"rendered":"\n<div class=\"wp-block-columns is-layout-flex wp-container-core-columns-is-layout-9d6595d7 wp-block-columns-is-layout-flex\">\n<div class=\"wp-block-column is-layout-flow wp-block-column-is-layout-flow\">\n<div class=\"wp-block-columns is-layout-flex wp-container-core-columns-is-layout-9d6595d7 wp-block-columns-is-layout-flex\">\n<div class=\"wp-block-column is-layout-flow wp-block-column-is-layout-flow\">\n<figure class=\"wp-block-image size-full\"><a href=\"https:\/\/die-garderobenmarke.de\/wp-content\/uploads\/2026\/02\/Serbien_Subotica-scaled.jpg\"><img loading=\"lazy\" decoding=\"async\" width=\"2560\" height=\"2048\" src=\"https:\/\/die-garderobenmarke.de\/wp-content\/uploads\/2026\/02\/Serbien_Subotica-scaled.jpg\" alt=\"\" class=\"wp-image-4129\" srcset=\"https:\/\/die-garderobenmarke.de\/wp-content\/uploads\/2026\/02\/Serbien_Subotica-scaled.jpg 2560w, https:\/\/die-garderobenmarke.de\/wp-content\/uploads\/2026\/02\/Serbien_Subotica-300x240.jpg 300w, https:\/\/die-garderobenmarke.de\/wp-content\/uploads\/2026\/02\/Serbien_Subotica-1024x819.jpg 1024w, https:\/\/die-garderobenmarke.de\/wp-content\/uploads\/2026\/02\/Serbien_Subotica-768x614.jpg 768w, https:\/\/die-garderobenmarke.de\/wp-content\/uploads\/2026\/02\/Serbien_Subotica-1536x1229.jpg 1536w, https:\/\/die-garderobenmarke.de\/wp-content\/uploads\/2026\/02\/Serbien_Subotica-2048x1639.jpg 2048w, https:\/\/die-garderobenmarke.de\/wp-content\/uploads\/2026\/02\/Serbien_Subotica-1300x1040.jpg 1300w\" sizes=\"auto, (max-width: 2560px) 100vw, 2560px\" \/><\/a><\/figure>\n<\/div>\n\n\n\n<div class=\"wp-block-column is-layout-flow wp-block-column-is-layout-flow\">\n<figure class=\"wp-block-image size-full\"><a href=\"https:\/\/die-garderobenmarke.de\/wp-content\/uploads\/2026\/02\/Serbien_Subotica_R-scaled.jpg\"><img loading=\"lazy\" decoding=\"async\" width=\"2560\" height=\"2048\" src=\"https:\/\/die-garderobenmarke.de\/wp-content\/uploads\/2026\/02\/Serbien_Subotica_R-scaled.jpg\" alt=\"\" class=\"wp-image-4130\" srcset=\"https:\/\/die-garderobenmarke.de\/wp-content\/uploads\/2026\/02\/Serbien_Subotica_R-scaled.jpg 2560w, https:\/\/die-garderobenmarke.de\/wp-content\/uploads\/2026\/02\/Serbien_Subotica_R-300x240.jpg 300w, https:\/\/die-garderobenmarke.de\/wp-content\/uploads\/2026\/02\/Serbien_Subotica_R-1024x819.jpg 1024w, https:\/\/die-garderobenmarke.de\/wp-content\/uploads\/2026\/02\/Serbien_Subotica_R-768x614.jpg 768w, https:\/\/die-garderobenmarke.de\/wp-content\/uploads\/2026\/02\/Serbien_Subotica_R-1536x1229.jpg 1536w, https:\/\/die-garderobenmarke.de\/wp-content\/uploads\/2026\/02\/Serbien_Subotica_R-2048x1639.jpg 2048w, https:\/\/die-garderobenmarke.de\/wp-content\/uploads\/2026\/02\/Serbien_Subotica_R-1300x1040.jpg 1300w\" sizes=\"auto, (max-width: 2560px) 100vw, 2560px\" \/><\/a><\/figure>\n<\/div>\n<\/div>\n<\/div>\n<\/div>\n\n\n\n<p class=\"has-text-align-center\">Serbien &#8211; Ekonomski fakultet &#8211; Universit\u00e4t &#8211; Subotica (Serbien, ehemals Jugoslavien), ab 1960 <\/p>\n\n\n\n<p class=\"has-text-align-center\">Messing, gepr\u00e4gt, mit \u00d6se &#8211; \u00d8 35 mm &#8211; 10 g <\/p>\n\n\n\n<p class=\"has-text-align-center\">Brojevi za garderobu<\/p>\n","protected":false},"excerpt":{"rendered":"<p>Serbien &#8211; Ekonomski fakultet &#8211; Universit\u00e4t &#8211; Subotica (Serbien, ehemals Jugoslavien), ab 1960 Messing, gepr\u00e4gt, mit \u00d6se &#8211; \u00d8 35 mm &#8211; 10 g Brojevi za garderobu<\/p>\n","protected":false},"author":1,"featured_media":0,"parent":0,"menu_order":0,"comment_status":"closed","ping_status":"closed","template":"","meta":{"_kad_post_transparent":"","_kad_post_title":"","_kad_post_layout":"","_kad_post_sidebar_id":"","_kad_post_content_style":"","_kad_post_vertical_padding":"","_kad_post_feature":"","_kad_post_feature_position":"","_kad_post_header":false,"_kad_post_footer":false,"_kad_post_classname":"","footnotes":""},"class_list":["post-3201","page","type-page","status-publish","hentry"],"_links":{"self":[{"href":"https:\/\/die-garderobenmarke.de\/index.php?rest_route=\/wp\/v2\/pages\/3201","targetHints":{"allow":["GET"]}}],"collection":[{"href":"https:\/\/die-garderobenmarke.de\/index.php?rest_route=\/wp\/v2\/pages"}],"about":[{"href":"https:\/\/die-garderobenmarke.de\/index.php?rest_route=\/wp\/v2\/types\/page"}],"author":[{"embeddable":true,"href":"https:\/\/die-garderobenmarke.de\/index.php?rest_route=\/wp\/v2\/users\/1"}],"replies":[{"embeddable":true,"href":"https:\/\/die-garderobenmarke.de\/index.php?rest_route=%2Fwp%2Fv2%2Fcomments&post=3201"}],"version-history":[{"count":1,"href":"https:\/\/die-garderobenmarke.de\/index.php?rest_route=\/wp\/v2\/pages\/3201\/revisions"}],"predecessor-version":[{"id":4501,"href":"https:\/\/die-garderobenmarke.de\/index.php?rest_route=\/wp\/v2\/pages\/3201\/revisions\/4501"}],"wp:attachment":[{"href":"https:\/\/die-garderobenmarke.de\/index.php?rest_route=%2Fwp%2Fv2%2Fmedia&parent=3201"}],"curies":[{"name":"wp","href":"https:\/\/api.w.org\/{rel}","templated":true}]}}