{"id":3199,"date":"2022-11-16T17:50:10","date_gmt":"2022-11-16T17:50:10","guid":{"rendered":"http:\/\/die-garderobenmarke.de\/?page_id=3199"},"modified":"2026-05-03T14:48:58","modified_gmt":"2026-05-03T12:48:58","slug":"pilsener-urquell-restaurant","status":"publish","type":"page","link":"https:\/\/die-garderobenmarke.de\/?page_id=3199","title":{"rendered":"Pilsener Urquell Restaurant"},"content":{"rendered":"\n<div class=\"wp-block-columns is-layout-flex wp-container-core-columns-is-layout-9d6595d7 wp-block-columns-is-layout-flex\">\n<div class=\"wp-block-column is-layout-flow wp-block-column-is-layout-flow\">\n<figure class=\"wp-block-image size-large\"><a href=\"https:\/\/die-garderobenmarke.de\/wp-content\/uploads\/2026\/02\/Pilsner_Urquell-scaled.jpg\"><img loading=\"lazy\" decoding=\"async\" width=\"1024\" height=\"819\" src=\"https:\/\/die-garderobenmarke.de\/wp-content\/uploads\/2026\/02\/Pilsner_Urquell-1024x819.jpg\" alt=\"\" class=\"wp-image-4111\" srcset=\"https:\/\/die-garderobenmarke.de\/wp-content\/uploads\/2026\/02\/Pilsner_Urquell-1024x819.jpg 1024w, https:\/\/die-garderobenmarke.de\/wp-content\/uploads\/2026\/02\/Pilsner_Urquell-300x240.jpg 300w, https:\/\/die-garderobenmarke.de\/wp-content\/uploads\/2026\/02\/Pilsner_Urquell-768x614.jpg 768w, https:\/\/die-garderobenmarke.de\/wp-content\/uploads\/2026\/02\/Pilsner_Urquell-1536x1229.jpg 1536w, https:\/\/die-garderobenmarke.de\/wp-content\/uploads\/2026\/02\/Pilsner_Urquell-2048x1639.jpg 2048w, https:\/\/die-garderobenmarke.de\/wp-content\/uploads\/2026\/02\/Pilsner_Urquell-1300x1040.jpg 1300w\" sizes=\"auto, (max-width: 1024px) 100vw, 1024px\" \/><\/a><\/figure>\n<\/div>\n\n\n\n<div class=\"wp-block-column is-layout-flow wp-block-column-is-layout-flow\">\n<figure class=\"wp-block-image size-large\"><a href=\"https:\/\/die-garderobenmarke.de\/wp-content\/uploads\/2026\/02\/Pilsner_Urquell_R-scaled.jpg\"><img loading=\"lazy\" decoding=\"async\" width=\"1024\" height=\"819\" src=\"https:\/\/die-garderobenmarke.de\/wp-content\/uploads\/2026\/02\/Pilsner_Urquell_R-1024x819.jpg\" alt=\"\" class=\"wp-image-4112\" srcset=\"https:\/\/die-garderobenmarke.de\/wp-content\/uploads\/2026\/02\/Pilsner_Urquell_R-1024x819.jpg 1024w, https:\/\/die-garderobenmarke.de\/wp-content\/uploads\/2026\/02\/Pilsner_Urquell_R-300x240.jpg 300w, https:\/\/die-garderobenmarke.de\/wp-content\/uploads\/2026\/02\/Pilsner_Urquell_R-768x614.jpg 768w, https:\/\/die-garderobenmarke.de\/wp-content\/uploads\/2026\/02\/Pilsner_Urquell_R-1536x1229.jpg 1536w, https:\/\/die-garderobenmarke.de\/wp-content\/uploads\/2026\/02\/Pilsner_Urquell_R-2048x1639.jpg 2048w, https:\/\/die-garderobenmarke.de\/wp-content\/uploads\/2026\/02\/Pilsner_Urquell_R-1300x1040.jpg 1300w\" sizes=\"auto, (max-width: 1024px) 100vw, 1024px\" \/><\/a><\/figure>\n<\/div>\n<\/div>\n\n\n\n<p class=\"has-text-align-center\">Tschechische Republik &#8211; Pilsner Urquell Restaurant &#8211; 1990 <\/p>\n\n\n\n<p class=\"has-text-align-center\">Messing, gelocht und gepr\u00e4gt &#8211; 47 x 84 mm &#8211; 30 g <\/p>\n\n\n\n<p class=\"has-text-align-center\">\u0160atn\u00ed visa\u010dka<\/p>\n","protected":false},"excerpt":{"rendered":"<p>Tschechische Republik &#8211; Pilsner Urquell Restaurant &#8211; 1990 Messing, gelocht und gepr\u00e4gt &#8211; 47 x 84 mm &#8211; 30 g \u0160atn\u00ed visa\u010dka<\/p>\n","protected":false},"author":1,"featured_media":0,"parent":0,"menu_order":0,"comment_status":"closed","ping_status":"closed","template":"","meta":{"_kad_post_transparent":"","_kad_post_title":"","_kad_post_layout":"","_kad_post_sidebar_id":"","_kad_post_content_style":"","_kad_post_vertical_padding":"","_kad_post_feature":"","_kad_post_feature_position":"","_kad_post_header":false,"_kad_post_footer":false,"_kad_post_classname":"","footnotes":""},"class_list":["post-3199","page","type-page","status-publish","hentry"],"_links":{"self":[{"href":"https:\/\/die-garderobenmarke.de\/index.php?rest_route=\/wp\/v2\/pages\/3199","targetHints":{"allow":["GET"]}}],"collection":[{"href":"https:\/\/die-garderobenmarke.de\/index.php?rest_route=\/wp\/v2\/pages"}],"about":[{"href":"https:\/\/die-garderobenmarke.de\/index.php?rest_route=\/wp\/v2\/types\/page"}],"author":[{"embeddable":true,"href":"https:\/\/die-garderobenmarke.de\/index.php?rest_route=\/wp\/v2\/users\/1"}],"replies":[{"embeddable":true,"href":"https:\/\/die-garderobenmarke.de\/index.php?rest_route=%2Fwp%2Fv2%2Fcomments&post=3199"}],"version-history":[{"count":1,"href":"https:\/\/die-garderobenmarke.de\/index.php?rest_route=\/wp\/v2\/pages\/3199\/revisions"}],"predecessor-version":[{"id":4577,"href":"https:\/\/die-garderobenmarke.de\/index.php?rest_route=\/wp\/v2\/pages\/3199\/revisions\/4577"}],"wp:attachment":[{"href":"https:\/\/die-garderobenmarke.de\/index.php?rest_route=%2Fwp%2Fv2%2Fmedia&parent=3199"}],"curies":[{"name":"wp","href":"https:\/\/api.w.org\/{rel}","templated":true}]}}