{"id":3158,"date":"2022-11-16T11:16:38","date_gmt":"2022-11-16T11:16:38","guid":{"rendered":"http:\/\/die-garderobenmarke.de\/?page_id=3158"},"modified":"2026-05-02T07:22:05","modified_gmt":"2026-05-02T05:22:05","slug":"club-taurino","status":"publish","type":"page","link":"https:\/\/die-garderobenmarke.de\/?page_id=3158","title":{"rendered":"Club Taurino"},"content":{"rendered":"\n<div class=\"wp-block-columns is-layout-flex wp-container-core-columns-is-layout-9d6595d7 wp-block-columns-is-layout-flex\">\n<div class=\"wp-block-column is-layout-flow wp-block-column-is-layout-flow\">\n<figure class=\"wp-block-image size-full\"><a href=\"https:\/\/die-garderobenmarke.de\/wp-content\/uploads\/2026\/02\/Club_Taurino-scaled.jpg\"><img loading=\"lazy\" decoding=\"async\" width=\"2560\" height=\"2048\" src=\"https:\/\/die-garderobenmarke.de\/wp-content\/uploads\/2026\/02\/Club_Taurino-scaled.jpg\" alt=\"\" class=\"wp-image-4061\" srcset=\"https:\/\/die-garderobenmarke.de\/wp-content\/uploads\/2026\/02\/Club_Taurino-scaled.jpg 2560w, https:\/\/die-garderobenmarke.de\/wp-content\/uploads\/2026\/02\/Club_Taurino-300x240.jpg 300w, https:\/\/die-garderobenmarke.de\/wp-content\/uploads\/2026\/02\/Club_Taurino-1024x819.jpg 1024w, https:\/\/die-garderobenmarke.de\/wp-content\/uploads\/2026\/02\/Club_Taurino-768x614.jpg 768w, https:\/\/die-garderobenmarke.de\/wp-content\/uploads\/2026\/02\/Club_Taurino-1536x1229.jpg 1536w, https:\/\/die-garderobenmarke.de\/wp-content\/uploads\/2026\/02\/Club_Taurino-2048x1639.jpg 2048w, https:\/\/die-garderobenmarke.de\/wp-content\/uploads\/2026\/02\/Club_Taurino-1300x1040.jpg 1300w\" sizes=\"auto, (max-width: 2560px) 100vw, 2560px\" \/><\/a><\/figure>\n<\/div>\n\n\n\n<div class=\"wp-block-column is-layout-flow wp-block-column-is-layout-flow\">\n<figure class=\"wp-block-image size-full\"><a href=\"https:\/\/die-garderobenmarke.de\/wp-content\/uploads\/2026\/02\/Club_Taurino_R-scaled.jpg\"><img loading=\"lazy\" decoding=\"async\" width=\"2560\" height=\"2048\" src=\"https:\/\/die-garderobenmarke.de\/wp-content\/uploads\/2026\/02\/Club_Taurino_R-scaled.jpg\" alt=\"\" class=\"wp-image-4062\" srcset=\"https:\/\/die-garderobenmarke.de\/wp-content\/uploads\/2026\/02\/Club_Taurino_R-scaled.jpg 2560w, https:\/\/die-garderobenmarke.de\/wp-content\/uploads\/2026\/02\/Club_Taurino_R-300x240.jpg 300w, https:\/\/die-garderobenmarke.de\/wp-content\/uploads\/2026\/02\/Club_Taurino_R-1024x819.jpg 1024w, https:\/\/die-garderobenmarke.de\/wp-content\/uploads\/2026\/02\/Club_Taurino_R-768x614.jpg 768w, https:\/\/die-garderobenmarke.de\/wp-content\/uploads\/2026\/02\/Club_Taurino_R-1536x1229.jpg 1536w, https:\/\/die-garderobenmarke.de\/wp-content\/uploads\/2026\/02\/Club_Taurino_R-2048x1639.jpg 2048w, https:\/\/die-garderobenmarke.de\/wp-content\/uploads\/2026\/02\/Club_Taurino_R-1300x1040.jpg 1300w\" sizes=\"auto, (max-width: 2560px) 100vw, 2560px\" \/><\/a><\/figure>\n<\/div>\n<\/div>\n\n\n\n<p class=\"has-text-align-center\">Spanien &#8211; Club Taurino, Valencia &#8211; Club &#8211; 1960 <\/p>\n\n\n\n<p class=\"has-text-align-center\">Aluminium, gepr\u00e4gt, gelocht &#8211; \u00d8 40 mm &#8211; 4 g<\/p>\n\n\n\n<p class=\"has-text-align-center\">Ficha De Guardarropa<\/p>\n\n\n<div class=\"wp-block-image\">\n<figure class=\"aligncenter size-large is-resized\"><a href=\"https:\/\/die-garderobenmarke.de\/wp-content\/uploads\/2026\/05\/Club-Taurino.jpg\"><img loading=\"lazy\" decoding=\"async\" width=\"1024\" height=\"707\" src=\"https:\/\/die-garderobenmarke.de\/wp-content\/uploads\/2026\/05\/Club-Taurino-1024x707.jpg\" alt=\"\" class=\"wp-image-4398\" style=\"width:512px;height:354px\" srcset=\"https:\/\/die-garderobenmarke.de\/wp-content\/uploads\/2026\/05\/Club-Taurino-1024x707.jpg 1024w, https:\/\/die-garderobenmarke.de\/wp-content\/uploads\/2026\/05\/Club-Taurino-300x207.jpg 300w, https:\/\/die-garderobenmarke.de\/wp-content\/uploads\/2026\/05\/Club-Taurino-768x530.jpg 768w, https:\/\/die-garderobenmarke.de\/wp-content\/uploads\/2026\/05\/Club-Taurino-1536x1060.jpg 1536w, https:\/\/die-garderobenmarke.de\/wp-content\/uploads\/2026\/05\/Club-Taurino-2048x1413.jpg 2048w\" sizes=\"auto, (max-width: 1024px) 100vw, 1024px\" \/><\/a><\/figure>\n<\/div>\n\n<div class=\"wp-block-image\">\n<figure class=\"aligncenter size-large is-resized\"><a href=\"https:\/\/die-garderobenmarke.de\/wp-content\/uploads\/2026\/05\/13_id4873-Kopie-page-002-scaled.jpg\"><img loading=\"lazy\" decoding=\"async\" width=\"1024\" height=\"667\" src=\"https:\/\/die-garderobenmarke.de\/wp-content\/uploads\/2026\/05\/13_id4873-Kopie-page-002-1024x667.jpg\" alt=\"\" class=\"wp-image-4400\" style=\"width:528px;height:343px\" srcset=\"https:\/\/die-garderobenmarke.de\/wp-content\/uploads\/2026\/05\/13_id4873-Kopie-page-002-1024x667.jpg 1024w, https:\/\/die-garderobenmarke.de\/wp-content\/uploads\/2026\/05\/13_id4873-Kopie-page-002-300x195.jpg 300w, https:\/\/die-garderobenmarke.de\/wp-content\/uploads\/2026\/05\/13_id4873-Kopie-page-002-768x500.jpg 768w, https:\/\/die-garderobenmarke.de\/wp-content\/uploads\/2026\/05\/13_id4873-Kopie-page-002-1536x1000.jpg 1536w, https:\/\/die-garderobenmarke.de\/wp-content\/uploads\/2026\/05\/13_id4873-Kopie-page-002-2048x1333.jpg 2048w\" sizes=\"auto, (max-width: 1024px) 100vw, 1024px\" \/><\/a><\/figure>\n<\/div>\n\n\n<p><em>\u00dcbersetzung: <\/em>In der &#8222;Calle del General San Martin&#8220; Nummer 12 hat sich der valencianische Club Taurino niedergelassen. Er geh\u00f6rt zu den Clubs mit der gr\u00f6\u00dften Tradition im Lande. Die Mitglieder sind 370 Pers\u00f6nlichkeiten, davon 170 Toreros, die alle einen monatlichen Mitgliedsbeitrag zahlen. Das Clubhaus ist \u00e4u\u00dferst komfortabel. Am Eingang links befindet sich eine beeindruckende Bartheke. Die W\u00e4nde werden von unsch\u00e4tzbaren St\u00fccken verziert, darunter sechs Stierk\u00f6pfe, die die valencianischen Toreros zu weiteren Erfolgen anregen sollen. Eine Skulptur von Benlliure stellt Manolo Martinez dar, dreizehn Plakate zeigen fr\u00fchere Stiere und neben einigen merkw\u00fcrdigen St\u00fccken gibt es unz\u00e4hlige Fotografien von Rafael &#8222;Gallo&#8220;, Gallito Belmonte, Pepe Pastor, Francisco Tamar\u00edt &#8222;Chaves&#8220;, Vincente Barrera, Enrique Torres, Manolete, Arruza, Antonio Ordo\u00f1ez, Paco Camino. Tats\u00e4chlich ist dieser Stierkampfclub ein Museum! Alle Pers\u00f6nlichkeiten der Stierkampfwelt, darunter Jos\u00e9 Mar\u00eda Jardon, Juan Ferr\u00e1ndez und Jos\u00e9 Moya, sind Ehrenmitglieder des Clubs.<\/p>\n","protected":false},"excerpt":{"rendered":"<p>Spanien &#8211; Club Taurino, Valencia &#8211; Club &#8211; 1960 Aluminium, gepr\u00e4gt, gelocht &#8211; \u00d8 40 mm &#8211; 4 g Ficha De Guardarropa \u00dcbersetzung: In der &#8222;Calle del General San Martin&#8220; Nummer 12 hat sich der valencianische Club Taurino niedergelassen. Er geh\u00f6rt zu den Clubs mit der gr\u00f6\u00dften Tradition im Lande. Die Mitglieder sind 370 Pers\u00f6nlichkeiten,&#8230;<\/p>\n","protected":false},"author":1,"featured_media":0,"parent":0,"menu_order":0,"comment_status":"closed","ping_status":"closed","template":"","meta":{"_kad_post_transparent":"","_kad_post_title":"","_kad_post_layout":"","_kad_post_sidebar_id":"","_kad_post_content_style":"","_kad_post_vertical_padding":"","_kad_post_feature":"","_kad_post_feature_position":"","_kad_post_header":false,"_kad_post_footer":false,"_kad_post_classname":"","footnotes":""},"class_list":["post-3158","page","type-page","status-publish","hentry"],"_links":{"self":[{"href":"https:\/\/die-garderobenmarke.de\/index.php?rest_route=\/wp\/v2\/pages\/3158","targetHints":{"allow":["GET"]}}],"collection":[{"href":"https:\/\/die-garderobenmarke.de\/index.php?rest_route=\/wp\/v2\/pages"}],"about":[{"href":"https:\/\/die-garderobenmarke.de\/index.php?rest_route=\/wp\/v2\/types\/page"}],"author":[{"embeddable":true,"href":"https:\/\/die-garderobenmarke.de\/index.php?rest_route=\/wp\/v2\/users\/1"}],"replies":[{"embeddable":true,"href":"https:\/\/die-garderobenmarke.de\/index.php?rest_route=%2Fwp%2Fv2%2Fcomments&post=3158"}],"version-history":[{"count":1,"href":"https:\/\/die-garderobenmarke.de\/index.php?rest_route=\/wp\/v2\/pages\/3158\/revisions"}],"predecessor-version":[{"id":4401,"href":"https:\/\/die-garderobenmarke.de\/index.php?rest_route=\/wp\/v2\/pages\/3158\/revisions\/4401"}],"wp:attachment":[{"href":"https:\/\/die-garderobenmarke.de\/index.php?rest_route=%2Fwp%2Fv2%2Fmedia&parent=3158"}],"curies":[{"name":"wp","href":"https:\/\/api.w.org\/{rel}","templated":true}]}}