{"id":3155,"date":"2022-11-16T11:11:17","date_gmt":"2022-11-16T11:11:17","guid":{"rendered":"http:\/\/die-garderobenmarke.de\/?page_id=3155"},"modified":"2026-05-03T14:58:50","modified_gmt":"2026-05-03T12:58:50","slug":"cinema-splendor","status":"publish","type":"page","link":"https:\/\/die-garderobenmarke.de\/?page_id=3155","title":{"rendered":"Cinema splendor"},"content":{"rendered":"\n<div class=\"wp-block-columns is-layout-flex wp-container-core-columns-is-layout-9d6595d7 wp-block-columns-is-layout-flex\">\n<div class=\"wp-block-column is-layout-flow wp-block-column-is-layout-flow\">\n<figure class=\"wp-block-image size-full\"><a href=\"https:\/\/die-garderobenmarke.de\/wp-content\/uploads\/2026\/02\/Italien_Cinema_Splendor-scaled.jpg\"><img loading=\"lazy\" decoding=\"async\" width=\"2560\" height=\"2048\" src=\"https:\/\/die-garderobenmarke.de\/wp-content\/uploads\/2026\/02\/Italien_Cinema_Splendor-scaled.jpg\" alt=\"\" class=\"wp-image-4085\" srcset=\"https:\/\/die-garderobenmarke.de\/wp-content\/uploads\/2026\/02\/Italien_Cinema_Splendor-scaled.jpg 2560w, https:\/\/die-garderobenmarke.de\/wp-content\/uploads\/2026\/02\/Italien_Cinema_Splendor-300x240.jpg 300w, https:\/\/die-garderobenmarke.de\/wp-content\/uploads\/2026\/02\/Italien_Cinema_Splendor-1024x819.jpg 1024w, https:\/\/die-garderobenmarke.de\/wp-content\/uploads\/2026\/02\/Italien_Cinema_Splendor-768x614.jpg 768w, https:\/\/die-garderobenmarke.de\/wp-content\/uploads\/2026\/02\/Italien_Cinema_Splendor-1536x1229.jpg 1536w, https:\/\/die-garderobenmarke.de\/wp-content\/uploads\/2026\/02\/Italien_Cinema_Splendor-2048x1639.jpg 2048w, https:\/\/die-garderobenmarke.de\/wp-content\/uploads\/2026\/02\/Italien_Cinema_Splendor-1300x1040.jpg 1300w\" sizes=\"auto, (max-width: 2560px) 100vw, 2560px\" \/><\/a><\/figure>\n<\/div>\n\n\n\n<div class=\"wp-block-column is-layout-flow wp-block-column-is-layout-flow\">\n<figure class=\"wp-block-image size-full\"><a href=\"https:\/\/die-garderobenmarke.de\/wp-content\/uploads\/2026\/02\/Italien_Cinema_Splendor_R-scaled.jpg\"><img loading=\"lazy\" decoding=\"async\" width=\"2560\" height=\"2048\" src=\"https:\/\/die-garderobenmarke.de\/wp-content\/uploads\/2026\/02\/Italien_Cinema_Splendor_R-scaled.jpg\" alt=\"\" class=\"wp-image-4086\" srcset=\"https:\/\/die-garderobenmarke.de\/wp-content\/uploads\/2026\/02\/Italien_Cinema_Splendor_R-scaled.jpg 2560w, https:\/\/die-garderobenmarke.de\/wp-content\/uploads\/2026\/02\/Italien_Cinema_Splendor_R-300x240.jpg 300w, https:\/\/die-garderobenmarke.de\/wp-content\/uploads\/2026\/02\/Italien_Cinema_Splendor_R-1024x819.jpg 1024w, https:\/\/die-garderobenmarke.de\/wp-content\/uploads\/2026\/02\/Italien_Cinema_Splendor_R-768x614.jpg 768w, https:\/\/die-garderobenmarke.de\/wp-content\/uploads\/2026\/02\/Italien_Cinema_Splendor_R-1536x1229.jpg 1536w, https:\/\/die-garderobenmarke.de\/wp-content\/uploads\/2026\/02\/Italien_Cinema_Splendor_R-2048x1639.jpg 2048w, https:\/\/die-garderobenmarke.de\/wp-content\/uploads\/2026\/02\/Italien_Cinema_Splendor_R-1300x1040.jpg 1300w\" sizes=\"auto, (max-width: 2560px) 100vw, 2560px\" \/><\/a><\/figure>\n<\/div>\n<\/div>\n\n\n\n<p class=\"has-text-align-center\">Italien &#8211; Cinema Splendor &#8211; Kino &#8211; Modena, 1950 <\/p>\n\n\n\n<p class=\"has-text-align-center\">Aluminium, gepr\u00e4gt, gef\u00e4rbt &#8211; \u00d8 40 mm, 3 g<\/p>\n\n\n\n<p class=\"has-text-align-center\">Gettone per guardaroba<\/p>\n\n\n\n<div class=\"wp-block-columns is-layout-flex wp-container-core-columns-is-layout-9d6595d7 wp-block-columns-is-layout-flex\">\n<div class=\"wp-block-column is-layout-flow wp-block-column-is-layout-flow\"><\/div>\n\n\n\n<div class=\"wp-block-column is-layout-flow wp-block-column-is-layout-flow\"><\/div>\n<\/div>\n","protected":false},"excerpt":{"rendered":"<p>Italien &#8211; Cinema Splendor &#8211; Kino &#8211; Modena, 1950 Aluminium, gepr\u00e4gt, gef\u00e4rbt &#8211; \u00d8 40 mm, 3 g Gettone per guardaroba<\/p>\n","protected":false},"author":1,"featured_media":0,"parent":0,"menu_order":0,"comment_status":"closed","ping_status":"closed","template":"","meta":{"_kad_post_transparent":"","_kad_post_title":"","_kad_post_layout":"","_kad_post_sidebar_id":"","_kad_post_content_style":"","_kad_post_vertical_padding":"","_kad_post_feature":"","_kad_post_feature_position":"","_kad_post_header":false,"_kad_post_footer":false,"_kad_post_classname":"","footnotes":""},"class_list":["post-3155","page","type-page","status-publish","hentry"],"_links":{"self":[{"href":"https:\/\/die-garderobenmarke.de\/index.php?rest_route=\/wp\/v2\/pages\/3155","targetHints":{"allow":["GET"]}}],"collection":[{"href":"https:\/\/die-garderobenmarke.de\/index.php?rest_route=\/wp\/v2\/pages"}],"about":[{"href":"https:\/\/die-garderobenmarke.de\/index.php?rest_route=\/wp\/v2\/types\/page"}],"author":[{"embeddable":true,"href":"https:\/\/die-garderobenmarke.de\/index.php?rest_route=\/wp\/v2\/users\/1"}],"replies":[{"embeddable":true,"href":"https:\/\/die-garderobenmarke.de\/index.php?rest_route=%2Fwp%2Fv2%2Fcomments&post=3155"}],"version-history":[{"count":2,"href":"https:\/\/die-garderobenmarke.de\/index.php?rest_route=\/wp\/v2\/pages\/3155\/revisions"}],"predecessor-version":[{"id":4586,"href":"https:\/\/die-garderobenmarke.de\/index.php?rest_route=\/wp\/v2\/pages\/3155\/revisions\/4586"}],"wp:attachment":[{"href":"https:\/\/die-garderobenmarke.de\/index.php?rest_route=%2Fwp%2Fv2%2Fmedia&parent=3155"}],"curies":[{"name":"wp","href":"https:\/\/api.w.org\/{rel}","templated":true}]}}