{"id":3028,"date":"2022-11-15T08:42:40","date_gmt":"2022-11-15T08:42:40","guid":{"rendered":"http:\/\/die-garderobenmarke.de\/?page_id=3028"},"modified":"2026-05-03T07:20:46","modified_gmt":"2026-05-03T05:20:46","slug":"hallo","status":"publish","type":"page","link":"https:\/\/die-garderobenmarke.de\/?page_id=3028","title":{"rendered":"Hallo!"},"content":{"rendered":"\n<h2 class=\"wp-block-heading has-text-align-center\"><\/h2>\n\n\n\n<p>Sch\u00f6n, dass Sie unsere Seite besuchen. \u201eEin Museum f\u00fcr Garderobenmarken?\u201c, werden Sie sich fragen. \u201eWozu soll das gut sein?\u201c Garderobenmarken sind ein bedeutender Aspekt der Kulturgeschichte und ein aufschlussreicher Spiegel der jeweiligen Zeit und Herkunft. Bis heute wurden Garderobenmarken in der Kunst\u2013 und Kulturgeschichte v\u00f6llig vernachl\u00e4ssigt. Jetzt schlie\u00dft das digitale Garderobenmarkenmuseum diese L\u00fccke.<\/p>\n\n\n\n<p>Gleichzeitig laden die Marken zum Tr\u00e4umen ein: Von vergangenen Zeiten, von spektakul\u00e4ren Theatervorstellungen und traditionsreichen Institutionen, von gro\u00dfen Roben, feinem Kunsthandwerk und nat\u00fcrlich von illustren G\u00e4sten, die die Garderobenmarken einst in H\u00e4nden hielten. Lassen Sie sich entf\u00fchren.<\/p>\n\n\n\n<p>Das Museum befindet sich im Aufbau. Nach und nach werden weitere Exponate und Themen erg\u00e4nzt. Ein Besuch lohnt sich also immer wieder.<\/p>\n\n\n\n<p>Und nun viel Spa\u00df beim St\u00f6bern!<\/p>\n\n\n\n<p class=\"has-text-align-center\">Ihr Garderobenmarkenmuseum<\/p>\n\n\n\n<figure class=\"wp-block-image size-large is-resized\"><img loading=\"lazy\" decoding=\"async\" width=\"1024\" height=\"724\" src=\"https:\/\/die-garderobenmarke.de\/wp-content\/uploads\/2026\/02\/Logo-gold-1-1024x724.png\" alt=\"\" class=\"wp-image-4269\" style=\"aspect-ratio:1.414365261450426;width:290px;height:auto\" srcset=\"https:\/\/die-garderobenmarke.de\/wp-content\/uploads\/2026\/02\/Logo-gold-1-1024x724.png 1024w, https:\/\/die-garderobenmarke.de\/wp-content\/uploads\/2026\/02\/Logo-gold-1-300x212.png 300w, https:\/\/die-garderobenmarke.de\/wp-content\/uploads\/2026\/02\/Logo-gold-1-768x543.png 768w, https:\/\/die-garderobenmarke.de\/wp-content\/uploads\/2026\/02\/Logo-gold-1-1536x1086.png 1536w, https:\/\/die-garderobenmarke.de\/wp-content\/uploads\/2026\/02\/Logo-gold-1-2048x1448.png 2048w\" sizes=\"auto, (max-width: 1024px) 100vw, 1024px\" \/><\/figure>\n","protected":false},"excerpt":{"rendered":"<p>Sch\u00f6n, dass Sie unsere Seite besuchen. \u201eEin Museum f\u00fcr Garderobenmarken?\u201c, werden Sie sich fragen. \u201eWozu soll das gut sein?\u201c Garderobenmarken sind ein bedeutender Aspekt der Kulturgeschichte und ein aufschlussreicher Spiegel der jeweiligen Zeit und Herkunft. Bis heute wurden Garderobenmarken in der Kunst\u2013 und Kulturgeschichte v\u00f6llig vernachl\u00e4ssigt. Jetzt schlie\u00dft das digitale Garderobenmarkenmuseum diese L\u00fccke. Gleichzeitig laden&#8230;<\/p>\n","protected":false},"author":1,"featured_media":0,"parent":0,"menu_order":0,"comment_status":"closed","ping_status":"closed","template":"","meta":{"_kad_post_transparent":"","_kad_post_title":"","_kad_post_layout":"","_kad_post_sidebar_id":"","_kad_post_content_style":"","_kad_post_vertical_padding":"","_kad_post_feature":"","_kad_post_feature_position":"","_kad_post_header":false,"_kad_post_footer":false,"_kad_post_classname":"","footnotes":""},"class_list":["post-3028","page","type-page","status-publish","hentry"],"_links":{"self":[{"href":"https:\/\/die-garderobenmarke.de\/index.php?rest_route=\/wp\/v2\/pages\/3028","targetHints":{"allow":["GET"]}}],"collection":[{"href":"https:\/\/die-garderobenmarke.de\/index.php?rest_route=\/wp\/v2\/pages"}],"about":[{"href":"https:\/\/die-garderobenmarke.de\/index.php?rest_route=\/wp\/v2\/types\/page"}],"author":[{"embeddable":true,"href":"https:\/\/die-garderobenmarke.de\/index.php?rest_route=\/wp\/v2\/users\/1"}],"replies":[{"embeddable":true,"href":"https:\/\/die-garderobenmarke.de\/index.php?rest_route=%2Fwp%2Fv2%2Fcomments&post=3028"}],"version-history":[{"count":3,"href":"https:\/\/die-garderobenmarke.de\/index.php?rest_route=\/wp\/v2\/pages\/3028\/revisions"}],"predecessor-version":[{"id":4562,"href":"https:\/\/die-garderobenmarke.de\/index.php?rest_route=\/wp\/v2\/pages\/3028\/revisions\/4562"}],"wp:attachment":[{"href":"https:\/\/die-garderobenmarke.de\/index.php?rest_route=%2Fwp%2Fv2%2Fmedia&parent=3028"}],"curies":[{"name":"wp","href":"https:\/\/api.w.org\/{rel}","templated":true}]}}